{"id":20,"date":"2020-07-18T11:17:01","date_gmt":"2020-07-18T09:17:01","guid":{"rendered":"https:\/\/eurosignal.org\/?page_id=20"},"modified":"2022-03-18T23:03:10","modified_gmt":"2022-03-18T22:03:10","slug":"piep","status":"publish","type":"page","link":"https:\/\/eurosignal.org\/","title":{"rendered":"piep"},"content":{"rendered":"<p>[et_pb_section fb_built=&#8220;1&#8243; fullwidth=&#8220;on&#8220; custom_padding_last_edited=&#8220;on|phone&#8220; _builder_version=&#8220;4.15&#8243; _module_preset=&#8220;default&#8220; background_color=&#8220;#f2e734&#8243; custom_margin=&#8220;0%||0%||false|false&#8220; custom_padding=&#8220;20%|8.7%|20%|8.7%|true|true&#8220; custom_padding_tablet=&#8220;&#8220; custom_padding_phone=&#8220;49%||49%||true|true&#8220; global_colors_info=&#8220;{}&#8220;][et_pb_fullwidth_image src=&#8220;https:\/\/eurosignal.org\/wp-content\/uploads\/2022\/03\/Pager_Eurosignal-Vek0322.png&#8220; title_text=&#8220;Pager_Eurosignal-Vek0322&#8243; _builder_version=&#8220;4.15.0&#8243; _module_preset=&#8220;default&#8220; width=&#8220;46%&#8220; width_tablet=&#8220;77%&#8220; width_phone=&#8220;100%&#8220; width_last_edited=&#8220;on|tablet&#8220; module_alignment=&#8220;left&#8220; custom_margin=&#8220;0%|0%|0%|0%|false|false&#8220; custom_margin_tablet=&#8220;-11%||||false|false&#8220; custom_margin_phone=&#8220;-40%|0%|0%|0%|false|false&#8220; custom_margin_last_edited=&#8220;on|tablet&#8220; custom_padding=&#8220;0%|0%|0%|15%|false|false&#8220; custom_padding_tablet=&#8220;0%|0%|0%|14%|false|false&#8220; custom_padding_phone=&#8220;0%||||false|false&#8220; custom_padding_last_edited=&#8220;on|phone&#8220; hover_enabled=&#8220;0&#8243; module_alignment_tablet=&#8220;center&#8220; module_alignment_phone=&#8220;center&#8220; module_alignment_last_edited=&#8220;on|phone&#8220; global_colors_info=&#8220;{}&#8220; admin_label=&#8220;Vollbreites Bild&#8220; sticky_enabled=&#8220;0&#8243;][\/et_pb_fullwidth_image][et_pb_fullwidth_image src=&#8220;https:\/\/eurosignal.org\/wp-content\/uploads\/2020\/07\/Piep_Eurosignalsendet.png&#8220; title_text=&#8220;Piep_Eurosignalsendet&#8220; _builder_version=&#8220;4.15&#8243; _module_preset=&#8220;default&#8220; width=&#8220;80%&#8220; width_tablet=&#8220;96%&#8220; width_phone=&#8220;100%&#8220; width_last_edited=&#8220;on|tablet&#8220; module_alignment=&#8220;left&#8220; custom_margin=&#8220;-32%|0%|0%|0%|false|false&#8220; custom_margin_tablet=&#8220;-25%||||false|false&#8220; custom_margin_phone=&#8220;&#8220; custom_margin_last_edited=&#8220;on|phone&#8220; custom_padding=&#8220;0%||0%|40%|false|false&#8220; custom_padding_tablet=&#8220;|||0%|false|false&#8220; custom_padding_phone=&#8220;&#8220; custom_padding_last_edited=&#8220;on|tablet&#8220; hover_enabled=&#8220;0&#8243; module_alignment_tablet=&#8220;center&#8220; module_alignment_phone=&#8220;center&#8220; module_alignment_last_edited=&#8220;on|tablet&#8220; global_colors_info=&#8220;{}&#8220; custom_padding__hover_enabled=&#8220;off|desktop&#8220; sticky_enabled=&#8220;0&#8243;][\/et_pb_fullwidth_image][\/et_pb_section][et_pb_section fb_built=&#8220;1&#8243; disabled_on=&#8220;on|on|off&#8220; admin_label=&#8220;Sektion&#8220; _builder_version=&#8220;4.15&#8243; _module_preset=&#8220;default&#8220; background_color=&#8220;rgba(0,0,0,0)&#8220; width=&#8220;100%&#8220; module_alignment=&#8220;center&#8220; custom_margin=&#8220;-16%|0%|6.5%|0%|false|false&#8220; custom_padding=&#8220;0%|0%|0%|0%|false|false&#8220; global_colors_info=&#8220;{}&#8220;][et_pb_row _builder_version=&#8220;4.15&#8243; _module_preset=&#8220;default&#8220; module_alignment=&#8220;center&#8220; custom_margin=&#8220;0%|0%|0%|0%|false|false&#8220; custom_padding=&#8220;0%|0%|0%|0%|false|false&#8220; global_colors_info=&#8220;{}&#8220;][et_pb_column type=&#8220;4_4&#8243; _builder_version=&#8220;4.15&#8243; _module_preset=&#8220;default&#8220; global_colors_info=&#8220;{}&#8220;][et_pb_button button_url=&#8220;#jahre&#8220; button_text=&#8220;MEHR&#8220; button_alignment=&#8220;center&#8220; disabled_on=&#8220;off|off|off&#8220; _builder_version=&#8220;4.13.0&#8243; _module_preset=&#8220;default&#8220; custom_button=&#8220;on&#8220; button_text_color=&#8220;#ffffff&#8220; button_bg_color=&#8220;#000000&#8243; button_border_width=&#8220;0px&#8220; button_font=&#8220;|700|||||||&#8220; button_icon=&#8220;&#x37;||divi||400&#8243; global_colors_info=&#8220;{}&#8220;][\/et_pb_button][\/et_pb_column][\/et_pb_row][\/et_pb_section][et_pb_section fb_built=&#8220;1&#8243; admin_label=&#8220;jahre&#8220; module_id=&#8220;jahre&#8220; _builder_version=&#8220;4.15&#8243; _module_preset=&#8220;default&#8220; background_color=&#8220;#000000&#8243; box_shadow_style=&#8220;preset3&#8243; global_colors_info=&#8220;{}&#8220;][et_pb_row _builder_version=&#8220;4.15&#8243; _module_preset=&#8220;default&#8220; module_alignment=&#8220;center&#8220; global_colors_info=&#8220;{}&#8220;][et_pb_column type=&#8220;4_4&#8243; _builder_version=&#8220;4.15&#8243; _module_preset=&#8220;default&#8220; global_colors_info=&#8220;{}&#8220;][et_pb_blurb image=&#8220;https:\/\/eurosignal.org\/wp-content\/uploads\/2020\/07\/Euro_Icon.png&#8220; icon_alignment=&#8220;left&#8220; content_max_width=&#8220;100%&#8220; _builder_version=&#8220;4.15&#8243; _module_preset=&#8220;default&#8220; body_text_color=&#8220;#ffffff&#8220; body_font_size=&#8220;26px&#8220; body_letter_spacing=&#8220;1px&#8220; body_line_height=&#8220;1.8em&#8220; module_alignment=&#8220;center&#8220; global_colors_info=&#8220;{}&#8220;]<\/p>\n<p>22 Jahre nach Abschaltung des letzten Senders im Funkrufdienst EUROSIGNAL geht diese Website an den Start: seit dem 1. April 2020 entsteht in diesem privaten Projekt nicht nur eine umfangreiche Wissensdatenbank \u00fcber den einstig so erfolgreichen Pager-Dienst, sondern auch unser virtueller Sender, mit dem man alte Eurosignal-Empf\u00e4nger ganz einfach wieder in Betrieb nehmen kann &#8211; ohne teure Sendetechnik und v\u00f6llig legal!<\/p>\n<p><span style=\"font-size: 27px;\"><strong>Ihr m\u00f6chtet mitarbeiten? Dann meldet Euch!<\/strong><\/span><\/p>\n<p>[\/et_pb_blurb][\/et_pb_column][\/et_pb_row][\/et_pb_section][et_pb_section fb_built=&#8220;1&#8243; inner_shadow=&#8220;on&#8220; custom_padding_last_edited=&#8220;on|phone&#8220; module_class=&#8220; dtb-mobile-parallax&#8220; _builder_version=&#8220;4.15.0&#8243; _module_preset=&#8220;default&#8220; background_image=&#8220;https:\/\/eurosignal.org\/wp-content\/uploads\/2020\/07\/piep-trenner.jpg&#8220; parallax=&#8220;on&#8220; custom_padding=&#8220;10%||10%||true|false&#8220; custom_padding_tablet=&#8220;50%||50%||true|false&#8220; custom_padding_phone=&#8220;60%||60%||true|false&#8220; background_last_edited=&#8220;on|phone&#8220; global_colors_info=&#8220;{}&#8220;][\/et_pb_section][et_pb_section fb_built=&#8220;1&#8243; _builder_version=&#8220;4.15&#8243; _module_preset=&#8220;default&#8220; background_color=&#8220;#000000&#8243; global_colors_info=&#8220;{}&#8220;][et_pb_row _builder_version=&#8220;4.15&#8243; _module_preset=&#8220;default&#8220; module_alignment=&#8220;center&#8220; global_colors_info=&#8220;{}&#8220;][et_pb_column type=&#8220;4_4&#8243; _builder_version=&#8220;4.15&#8243; _module_preset=&#8220;default&#8220; global_colors_info=&#8220;{}&#8220;][et_pb_blurb title=&#8220;DAS EUROSIGNAL.ORG-PROJEKT&#8220; image=&#8220;https:\/\/eurosignal.org\/wp-content\/uploads\/2020\/07\/Euro_Icon.png&#8220; icon_alignment=&#8220;left&#8220; content_max_width=&#8220;100%&#8220; _builder_version=&#8220;4.15&#8243; _module_preset=&#8220;default&#8220; header_font=&#8220;|800|||||||&#8220; header_text_color=&#8220;#edf000&#8243; header_font_size=&#8220;60px&#8220; header_line_height=&#8220;2em&#8220; body_text_color=&#8220;#ffffff&#8220; body_font_size=&#8220;26px&#8220; body_letter_spacing=&#8220;1px&#8220; body_line_height=&#8220;1.8em&#8220; module_alignment=&#8220;center&#8220; header_font_size_tablet=&#8220;&#8220; header_font_size_phone=&#8220;40px&#8220; header_font_size_last_edited=&#8220;on|tablet&#8220; global_colors_info=&#8220;{}&#8220;]<\/p>\n<p>\u00dcber die URL: <span style=\"color: #f2e734;\"><a href=\"https:\/\/sender.eurosignal.org\/\" style=\"color: #f2e734;\"><b>https:\/\/sender.eurosignal.org<\/b><\/a><\/span> erreichen Sie unseren Sender-Generator. Wenn Sie nur dem Gedudel lauschen wollen, der von 1974 bis 1998 in jedem UKW-Radio zu h\u00f6ren war, wenn man den Senderregler ganz nach links auf 87,5 MHz gestellt hat, dann dr\u00fccken Sie einfach auf &#8222;START&#8220; und lauschen Sie den T\u00f6nen Ihrer Soundkarte. Der Generator sendet im Zufallsmodus beliebige Funkrufe aus.<span style=\"font-size: 27px;\">\u00a0<\/span><\/p>\n<p>M\u00f6chten Sie aber selber Rufe aussenden, dann schlie\u00dfen Sie einfach einen beliebigen FM-Transmitter an Ihrer Soundkarte an und schalten Sie Ihr UKW-Radio ein, stellen Sie Transmitter und Radio beide auf 87,5 MHz und erleben Sie das &#8222;Feeling&#8220; der 80er Jahre im Radio wieder.<\/p>\n<p>Und wenn Sie nun noch einen funktionsf\u00e4higen Eurosignal-Empf\u00e4nger besitzen, der auch \u00fcber einen EPROM verf\u00fcgt, dessen Rufnummer Sie kennen, dann setzen Sie doch einfach frische Batterien in Ihren Empf\u00e4nger, geben die Rufnummer in die Eingabezeile unseres Generators ein, und wenige Sekunden sp\u00e4ter wird Ihr Pieper zum Leben erweckt:<span class=\"Apple-converted-space\">\u00a0<\/span><\/p>\n<p><span style=\"color: #f2e734;\"><b>PIEP!<\/b>&#8230;<\/span> das ist fast magisch!<\/p>\n<p>[\/et_pb_blurb][\/et_pb_column][\/et_pb_row][\/et_pb_section][et_pb_section fb_built=&#8220;1&#8243; _builder_version=&#8220;4.15&#8243; _module_preset=&#8220;default&#8220; background_color=&#8220;#f2e734&#8243; global_colors_info=&#8220;{}&#8220;][et_pb_row column_structure=&#8220;1_2,1_2&#8243; _builder_version=&#8220;4.15&#8243; _module_preset=&#8220;default&#8220; global_colors_info=&#8220;{}&#8220;][et_pb_column type=&#8220;1_2&#8243; _builder_version=&#8220;4.15&#8243; _module_preset=&#8220;default&#8220; global_colors_info=&#8220;{}&#8220;][et_pb_blurb title=&#8220;KONTAKT&#8220; image=&#8220;https:\/\/eurosignal.org\/wp-content\/uploads\/2020\/07\/Euro_Icon_black.png&#8220; icon_alignment=&#8220;left&#8220; title_tablet=&#8220;&#8220; title_phone=&#8220;&#8220; title_last_edited=&#8220;on|tablet&#8220; _builder_version=&#8220;4.15&#8243; _module_preset=&#8220;default&#8220; header_font=&#8220;|800|||||||&#8220; header_text_align=&#8220;left&#8220; header_text_color=&#8220;#000000&#8243; header_font_size=&#8220;60px&#8220; body_text_color=&#8220;#000000&#8243; body_font_size=&#8220;26px&#8220; body_letter_spacing=&#8220;1px&#8220; body_line_height=&#8220;1.8em&#8220; header_font_size_tablet=&#8220;50px&#8220; header_font_size_phone=&#8220;&#8220; header_font_size_last_edited=&#8220;on|phone&#8220; global_colors_info=&#8220;{}&#8220;]<\/p>\n<p>Sie m\u00f6chten Informationen zum Projekt. Haben Anregungen oder m\u00f6chten ein Teil dieses Projekts werden?<\/p>\n<p>Dann schreiben Sie Sie uns!<\/p>\n<p>[\/et_pb_blurb][\/et_pb_column][et_pb_column type=&#8220;1_2&#8243; _builder_version=&#8220;4.15&#8243; _module_preset=&#8220;default&#8220; global_colors_info=&#8220;{}&#8220;][et_pb_contact_form email=&#8220;sknw@gmx.de&#8220; custom_message=&#8220;Anfrage \u00fcber Kontaktformular der EUROSIGNAL.org ||et_pb_line_break_holder||||et_pb_line_break_holder||||et_pb_line_break_holder||Name: %%name%%   ||et_pb_line_break_holder||||et_pb_line_break_holder||E-Mail: %%email%%||et_pb_line_break_holder||||et_pb_line_break_holder||Nachricht: %%message%%&#8220; success_message=&#8220;Vielen Dank f\u00fcr Ihre Anfrage. Wir melden uns bei Ihnen.&#8220; submit_button_text=&#8220;SENDEN&#8220; _builder_version=&#8220;4.15&#8243; _module_preset=&#8220;default&#8220; _unique_id=&#8220;bed32885-313a-4172-88f7-3bd04e7f000a&#8220; captcha_text_color=&#8220;#000000&#8243; custom_button=&#8220;on&#8220; button_text_color=&#8220;#ffffff&#8220; button_bg_color=&#8220;#000000&#8243; button_border_width=&#8220;0px&#8220; button_icon=&#8220;&#xe076;||divi||400&#8243; global_colors_info=&#8220;{}&#8220;][et_pb_contact_field field_id=&#8220;name&#8220; field_title=&#8220;Ihr Name&#8220; fullwidth_field=&#8220;on&#8220; _builder_version=&#8220;4.15&#8243; form_field_text_color=&#8220;#000000&#8243; global_colors_info=&#8220;{}&#8220; button_text_size__hover_enabled=&#8220;off&#8220; button_one_text_size__hover_enabled=&#8220;off&#8220; button_two_text_size__hover_enabled=&#8220;off&#8220; button_text_color__hover_enabled=&#8220;off&#8220; button_one_text_color__hover_enabled=&#8220;off&#8220; button_two_text_color__hover_enabled=&#8220;off&#8220; button_border_width__hover_enabled=&#8220;off&#8220; button_one_border_width__hover_enabled=&#8220;off&#8220; button_two_border_width__hover_enabled=&#8220;off&#8220; button_border_color__hover_enabled=&#8220;off&#8220; button_one_border_color__hover_enabled=&#8220;off&#8220; button_two_border_color__hover_enabled=&#8220;off&#8220; button_border_radius__hover_enabled=&#8220;off&#8220; button_one_border_radius__hover_enabled=&#8220;off&#8220; button_two_border_radius__hover_enabled=&#8220;off&#8220; button_letter_spacing__hover_enabled=&#8220;off&#8220; button_one_letter_spacing__hover_enabled=&#8220;off&#8220; button_two_letter_spacing__hover_enabled=&#8220;off&#8220; button_bg_color__hover_enabled=&#8220;off&#8220; button_one_bg_color__hover_enabled=&#8220;off&#8220; button_two_bg_color__hover_enabled=&#8220;off&#8220;][\/et_pb_contact_field][et_pb_contact_field field_id=&#8220;email&#8220; field_title=&#8220;Ihre E-Mail-Adresse&#8220; field_type=&#8220;email&#8220; fullwidth_field=&#8220;on&#8220; _builder_version=&#8220;4.15&#8243; form_field_text_color=&#8220;#000000&#8243; global_colors_info=&#8220;{}&#8220; button_text_size__hover_enabled=&#8220;off&#8220; button_one_text_size__hover_enabled=&#8220;off&#8220; button_two_text_size__hover_enabled=&#8220;off&#8220; button_text_color__hover_enabled=&#8220;off&#8220; button_one_text_color__hover_enabled=&#8220;off&#8220; button_two_text_color__hover_enabled=&#8220;off&#8220; button_border_width__hover_enabled=&#8220;off&#8220; button_one_border_width__hover_enabled=&#8220;off&#8220; button_two_border_width__hover_enabled=&#8220;off&#8220; button_border_color__hover_enabled=&#8220;off&#8220; button_one_border_color__hover_enabled=&#8220;off&#8220; button_two_border_color__hover_enabled=&#8220;off&#8220; button_border_radius__hover_enabled=&#8220;off&#8220; button_one_border_radius__hover_enabled=&#8220;off&#8220; button_two_border_radius__hover_enabled=&#8220;off&#8220; button_letter_spacing__hover_enabled=&#8220;off&#8220; button_one_letter_spacing__hover_enabled=&#8220;off&#8220; button_two_letter_spacing__hover_enabled=&#8220;off&#8220; button_bg_color__hover_enabled=&#8220;off&#8220; button_one_bg_color__hover_enabled=&#8220;off&#8220; button_two_bg_color__hover_enabled=&#8220;off&#8220;][\/et_pb_contact_field][et_pb_contact_field field_id=&#8220;message&#8220; field_title=&#8220;Ihre Nachricht&#8220; field_type=&#8220;text&#8220; fullwidth_field=&#8220;on&#8220; _builder_version=&#8220;4.15&#8243; form_field_text_color=&#8220;#000000&#8243; global_colors_info=&#8220;{}&#8220; button_text_size__hover_enabled=&#8220;off&#8220; button_one_text_size__hover_enabled=&#8220;off&#8220; button_two_text_size__hover_enabled=&#8220;off&#8220; button_text_color__hover_enabled=&#8220;off&#8220; button_one_text_color__hover_enabled=&#8220;off&#8220; button_two_text_color__hover_enabled=&#8220;off&#8220; button_border_width__hover_enabled=&#8220;off&#8220; button_one_border_width__hover_enabled=&#8220;off&#8220; button_two_border_width__hover_enabled=&#8220;off&#8220; button_border_color__hover_enabled=&#8220;off&#8220; button_one_border_color__hover_enabled=&#8220;off&#8220; button_two_border_color__hover_enabled=&#8220;off&#8220; button_border_radius__hover_enabled=&#8220;off&#8220; button_one_border_radius__hover_enabled=&#8220;off&#8220; button_two_border_radius__hover_enabled=&#8220;off&#8220; button_letter_spacing__hover_enabled=&#8220;off&#8220; button_one_letter_spacing__hover_enabled=&#8220;off&#8220; button_two_letter_spacing__hover_enabled=&#8220;off&#8220; button_bg_color__hover_enabled=&#8220;off&#8220; button_one_bg_color__hover_enabled=&#8220;off&#8220; button_two_bg_color__hover_enabled=&#8220;off&#8220;][\/et_pb_contact_field][et_pb_contact_field field_id=&#8220;Field_4&#8243; field_title=&#8220;Datenschutzerkl\u00e4rung (Pflichtfeld)&#8220; field_type=&#8220;checkbox&#8220; checkbox_options=&#8220;%91{%22value%22:%22Ich habe die Datenschutzerkl\u00e4rung zur Kenntnis genommen und erkl\u00e4re mich damit einverstanden.%22,%22checked%22:0,%22dragID%22:-1,%22link_url%22:%22%22,%22link_text%22:%22Datenschutzerkl\u00e4rung%22}%93&#8243; fullwidth_field=&#8220;on&#8220; _builder_version=&#8220;4.15&#8243; _module_preset=&#8220;default&#8220; form_field_text_color=&#8220;#000000&#8243; form_field_focus_background_color=&#8220;#000000&#8243; form_field_focus_text_color=&#8220;#000000&#8243; form_field_font=&#8220;|700|||||||&#8220; form_field_font_size=&#8220;12px&#8220; form_field_line_height=&#8220;2em&#8220; global_colors_info=&#8220;{}&#8220;][\/et_pb_contact_field][\/et_pb_contact_form][\/et_pb_column][\/et_pb_row][\/et_pb_section]<\/p>\n","protected":false},"excerpt":{"rendered":"<p>22 Jahre nach Abschaltung des letzten Senders im Funkrufdienst EUROSIGNAL geht diese Website an den Start: seit dem 1. April 2020 entsteht in diesem privaten Projekt nicht nur eine umfangreiche Wissensdatenbank \u00fcber den einstig so erfolgreichen Pager-Dienst, sondern auch unser virtueller Sender, mit dem man alte Eurosignal-Empf\u00e4nger ganz einfach wieder in Betrieb nehmen kann &#8211; [&hellip;]<\/p>\n","protected":false},"author":1,"featured_media":0,"parent":0,"menu_order":0,"comment_status":"closed","ping_status":"closed","template":"","meta":{"_et_pb_use_builder":"on","_et_pb_old_content":"","_et_gb_content_width":"","footnotes":""},"class_list":["post-20","page","type-page","status-publish","hentry"],"_links":{"self":[{"href":"https:\/\/eurosignal.org\/index.php?rest_route=\/wp\/v2\/pages\/20","targetHints":{"allow":["GET"]}}],"collection":[{"href":"https:\/\/eurosignal.org\/index.php?rest_route=\/wp\/v2\/pages"}],"about":[{"href":"https:\/\/eurosignal.org\/index.php?rest_route=\/wp\/v2\/types\/page"}],"author":[{"embeddable":true,"href":"https:\/\/eurosignal.org\/index.php?rest_route=\/wp\/v2\/users\/1"}],"replies":[{"embeddable":true,"href":"https:\/\/eurosignal.org\/index.php?rest_route=%2Fwp%2Fv2%2Fcomments&post=20"}],"version-history":[{"count":0,"href":"https:\/\/eurosignal.org\/index.php?rest_route=\/wp\/v2\/pages\/20\/revisions"}],"wp:attachment":[{"href":"https:\/\/eurosignal.org\/index.php?rest_route=%2Fwp%2Fv2%2Fmedia&parent=20"}],"curies":[{"name":"wp","href":"https:\/\/api.w.org\/{rel}","templated":true}]}}